{"id":13516,"date":"2015-06-02T15:12:35","date_gmt":"2015-06-02T13:12:35","guid":{"rendered":"https:\/\/legendaszappan.hu\/?post_type=product&amp;p=13516"},"modified":"2015-06-02T15:12:35","modified_gmt":"2015-06-02T13:12:35","slug":"nyari-szappancsomag","status":"publish","type":"product","link":"https:\/\/egyik19.hu\/wordpress\/termek\/nyari-szappancsomag\/","title":{"rendered":"Legenda ny\u00e1ri szappancsomag (k\u00f6r\u00f6mvir\u00e1g, nat\u00far, citromf\u0171)"},"content":{"rendered":"<p><div class=\"fusion-fullwidth fullwidth-box fusion-builder-row-1 fusion-flex-container nonhundred-percent-fullwidth non-hundred-percent-height-scrolling\" style=\"--awb-border-radius-top-left:0px;--awb-border-radius-top-right:0px;--awb-border-radius-bottom-right:0px;--awb-border-radius-bottom-left:0px;--awb-flex-wrap:wrap;\" ><div class=\"fusion-builder-row fusion-row fusion-flex-align-items-flex-start fusion-flex-content-wrap\" style=\"max-width:1372.8px;margin-left: calc(-4% \/ 2 );margin-right: calc(-4% \/ 2 );\"><div class=\"fusion-layout-column fusion_builder_column fusion-builder-column-0 fusion_builder_column_1_1 1_1 fusion-flex-column\" style=\"--awb-bg-size:cover;--awb-width-large:100%;--awb-margin-top-large:0px;--awb-spacing-right-large:1.92%;--awb-margin-bottom-large:0px;--awb-spacing-left-large:1.92%;--awb-width-medium:100%;--awb-spacing-right-medium:1.92%;--awb-spacing-left-medium:1.92%;--awb-width-small:100%;--awb-spacing-right-small:1.92%;--awb-spacing-left-small:1.92%;\"><div class=\"fusion-column-wrapper fusion-flex-justify-content-flex-start fusion-content-layout-column\"><div class=\"fusion-text fusion-text-1\"><h1>A ny\u00e1ri b\u0151r\u00e1pol\u00e1shoz v\u00e1laszd a Legenda kecsketejes szappancsomagot!<\/h1>\n<h2>A term\u00e9szetes \u00f6sszetev\u0151kb\u0151l k\u00e9sz\u00fclt kecstejjel gazdag\u00edtott, kiv\u00e1l\u00f3 min\u0151s\u00e9g\u0171 term\u00e9kek \u00e1polj\u00e1k b\u0151r\u00f6d az er\u0151s napsug\u00e1rz\u00e1s ut\u00e1n. A szappanokat \u00fagy v\u00e1logattuk \u00f6ssze, hogy az illatos k\u00e9nyeztet\u00e9s mellett a nap\u00e9g\u00e9s t\u00fcneteit is enyh\u00edteni tudd, \u00e9s a b\u0151r\u00f6reged\u00e9ssel is felvehesd a harcot!<\/h2>\n<h3>Mit tartalmaz a csomag?<\/h3>\n<\/div><\/div><\/div><\/div><\/div><div class=\"fusion-fullwidth fullwidth-box fusion-builder-row-2 fusion-flex-container nonhundred-percent-fullwidth non-hundred-percent-height-scrolling\" style=\"--awb-background-position:left top;--awb-border-sizes-top:0px;--awb-border-sizes-bottom:0px;--awb-border-sizes-left:0px;--awb-border-sizes-right:0px;--awb-border-radius-top-left:0px;--awb-border-radius-top-right:0px;--awb-border-radius-bottom-right:0px;--awb-border-radius-bottom-left:0px;--awb-padding-top:20px;--awb-padding-bottom:20px;--awb-flex-wrap:wrap;\" ><div class=\"fusion-builder-row fusion-row fusion-flex-align-items-flex-start fusion-flex-content-wrap\" style=\"max-width:1372.8px;margin-left: calc(-4% \/ 2 );margin-right: calc(-4% \/ 2 );\"><div class=\"fusion-layout-column fusion_builder_column fusion-builder-column-1 fusion_builder_column_1_2 1_2 fusion-flex-column fusion-animated\" style=\"--awb-bg-size:cover;--awb-width-large:50%;--awb-margin-top-large:20px;--awb-spacing-right-large:3.84%;--awb-margin-bottom-large:20px;--awb-spacing-left-large:3.84%;--awb-width-medium:50%;--awb-spacing-right-medium:3.84%;--awb-spacing-left-medium:3.84%;--awb-width-small:100%;--awb-spacing-right-small:1.92%;--awb-spacing-left-small:1.92%;\" data-animationType=\"fadeInLeft\" data-animationDuration=\"1\" data-animationOffset=\"top-into-view\"><div class=\"fusion-column-wrapper fusion-flex-justify-content-flex-start fusion-content-layout-column\"><div class=\"fusion-image-element \" style=\"text-align:center;--awb-caption-title-font-family:var(--h2_typography-font-family);--awb-caption-title-font-weight:var(--h2_typography-font-weight);--awb-caption-title-font-style:var(--h2_typography-font-style);--awb-caption-title-size:var(--h2_typography-font-size);--awb-caption-title-transform:var(--h2_typography-text-transform);--awb-caption-title-line-height:var(--h2_typography-line-height);--awb-caption-title-letter-spacing:var(--h2_typography-letter-spacing);\"><span class=\" fusion-imageframe imageframe-none imageframe-1 hover-type-none\"><img decoding=\"async\" alt=\"\u00d6r\u00f6mmel \u2013 k\u00f6r\u00f6mvir\u00e1gos kecsketejes szappan\" src=\"data:image\/gif;base64,R0lGODlhAQABAAAAACH5BAEKAAEALAAAAAABAAEAAAICTAEAOw==\" data-orig-src=\"https:\/\/legendaszappan.hu\/wp-content\/uploads\/2016\/05\/orommel-koromviragos-kecsketejes-szappan-nyari-csomag.png\" class=\"lazyload img-responsive\"\/><\/span><\/div><\/div><\/div><div class=\"fusion-layout-column fusion_builder_column fusion-builder-column-2 fusion_builder_column_1_2 1_2 fusion-flex-column fusion-animated\" style=\"--awb-bg-size:cover;--awb-width-large:50%;--awb-margin-top-large:20px;--awb-spacing-right-large:3.84%;--awb-margin-bottom-large:20px;--awb-spacing-left-large:3.84%;--awb-width-medium:50%;--awb-spacing-right-medium:3.84%;--awb-spacing-left-medium:3.84%;--awb-width-small:100%;--awb-spacing-right-small:1.92%;--awb-spacing-left-small:1.92%;\" data-animationType=\"fadeInRight\" data-animationDuration=\"1\" data-animationOffset=\"top-into-view\"><div class=\"fusion-column-wrapper fusion-flex-justify-content-flex-start fusion-content-layout-column\"><div class=\"fusion-text fusion-text-2\"><h2>\u00d6r\u00f6mmel \u2013 k\u00f6r\u00f6mvir\u00e1gos kecsketejes szappan<\/h2>\n<\/div><div class=\"fusion-text fusion-text-3\"><p>Az <strong>\u201e\u00d6r\u00f6mmel\u201d k\u00f6r\u00f6mvir\u00e1gos kecsketejes szappan<\/strong> \u00f6sszetev\u0151i <strong>megnyugtatj\u00e1k<\/strong> a b\u0151rt, a kecsketej pedig <strong>\u00e1pol\u00f3 hat\u00e1st<\/strong> biztos\u00edt. A hozz\u00e1adott ill\u00f3olajoknak k\u00f6sz\u00f6nhet\u0151en <strong>friss<\/strong> illat\u00e1r\u00f3l azonnal felismered majd.<\/p>\n<h3><strong>Alkalmaz\u00e1s<\/strong><\/h3>\n<\/div><ul style=\"--awb-size:15px;--awb-line-height:25.5px;--awb-icon-width:25.5px;--awb-icon-height:25.5px;--awb-icon-margin:10.5px;--awb-content-margin:36px;--awb-circlecolor:#f46f01;--awb-circle-yes-font-size:13.2px;\" class=\"fusion-checklist fusion-checklist-1 fusion-checklist-default type-icons\"><li class=\"fusion-li-item\" style=\"\"><span class=\"icon-wrapper circle-yes\"><i class=\"fusion-li-icon fa fa-check\" aria-hidden=\"true\"><\/i><\/span><div class=\"fusion-li-item-content\">nagyszer\u0171en enyh\u00edti a nap\u00e9g\u00e9s t\u00fcneteit<\/div><\/li><li class=\"fusion-li-item\" style=\"\"><span class=\"icon-wrapper circle-yes\"><i class=\"fusion-li-icon fa fa-check\" aria-hidden=\"true\"><\/i><\/span><div class=\"fusion-li-item-content\">kiv\u00e1l\u00f3 hidrat\u00e1l\u00f3 hat\u00e1sa r\u00e9v\u00e9n minden b\u0151rt\u00edpus eset\u00e9n alkalmazhat\u00f3<\/div><\/li><li class=\"fusion-li-item\" style=\"\"><span class=\"icon-wrapper circle-yes\"><i class=\"fusion-li-icon fa fa-check\" aria-hidden=\"true\"><\/i><\/span><div class=\"fusion-li-item-content\">ha pattan\u00e1sos a b\u0151r\u00f6d, akkor is j\u00f3 szolg\u00e1latot tesz ez a szappan, hiszen a k\u00f6r\u00f6mvir\u00e1g gyullad\u00e1scs\u00f6kkent\u0151, sebgy\u00f3gy\u00edt\u00f3 tulajdons\u00e1g\u00fa gy\u00f3gyn\u00f6v\u00e9ny<\/div><\/li><\/ul><\/div><\/div><\/div><\/div><div class=\"fusion-fullwidth fullwidth-box fusion-builder-row-3 fusion-flex-container nonhundred-percent-fullwidth non-hundred-percent-height-scrolling\" style=\"--awb-background-position:left top;--awb-border-sizes-top:0px;--awb-border-sizes-bottom:0px;--awb-border-sizes-left:0px;--awb-border-sizes-right:0px;--awb-border-radius-top-left:0px;--awb-border-radius-top-right:0px;--awb-border-radius-bottom-right:0px;--awb-border-radius-bottom-left:0px;--awb-padding-top:20px;--awb-padding-bottom:20px;--awb-flex-wrap:wrap;\" ><div class=\"fusion-builder-row fusion-row fusion-flex-align-items-flex-start fusion-flex-content-wrap\" style=\"max-width:1372.8px;margin-left: calc(-4% \/ 2 );margin-right: calc(-4% \/ 2 );\"><div class=\"fusion-layout-column fusion_builder_column fusion-builder-column-3 fusion_builder_column_1_2 1_2 fusion-flex-column fusion-animated\" style=\"--awb-bg-size:cover;--awb-width-large:50%;--awb-margin-top-large:20px;--awb-spacing-right-large:3.84%;--awb-margin-bottom-large:20px;--awb-spacing-left-large:3.84%;--awb-width-medium:50%;--awb-spacing-right-medium:3.84%;--awb-spacing-left-medium:3.84%;--awb-width-small:100%;--awb-spacing-right-small:1.92%;--awb-spacing-left-small:1.92%;\" data-animationType=\"fadeInLeft\" data-animationDuration=\"1\" data-animationOffset=\"top-into-view\"><div class=\"fusion-column-wrapper fusion-flex-justify-content-flex-start fusion-content-layout-column\"><div class=\"fusion-text fusion-text-4\"><p>Ha egyszer kipr\u00f3b\u00e1lod a <strong>&#8222;Mosolyg\u00f3&#8221; nat\u00far kecsketejes szappant<\/strong>, biztosan mindig lesz otthon bel\u0151le. Nagyszer\u0171s\u00e9ge egyszer\u0171s\u00e9g\u00e9ben rejlik, <strong>tiszt\u00edtja, hidrat\u00e1lja \u00e9s t\u00e1pl\u00e1lja<\/strong> az \u00e9rz\u00e9keny, sz\u00e1raz b\u0151rt.<\/p>\n<h3><strong>Alkalmaz\u00e1s<\/strong><\/h3>\n<\/div><div class=\"fusion-text fusion-text-5\"><h2>Mosolyg\u00f3 \u2013 Nat\u00far kecsketejes szappan<\/h2>\n<\/div><ul style=\"--awb-size:15px;--awb-line-height:25.5px;--awb-icon-width:25.5px;--awb-icon-height:25.5px;--awb-icon-margin:10.5px;--awb-content-margin:36px;--awb-circlecolor:#f46f01;--awb-circle-yes-font-size:13.2px;\" class=\"fusion-checklist fusion-checklist-2 fusion-checklist-default type-icons\"><li class=\"fusion-li-item\" style=\"\"><span class=\"icon-wrapper circle-yes\"><i class=\"fusion-li-icon fa fa-check\" aria-hidden=\"true\"><\/i><\/span><div class=\"fusion-li-item-content\">mivel ill\u00f3olajokat \u00e9s mesters\u00e9ges anyagokat nem tartalmaz, kiv\u00e1l\u00f3an alkalmazhat\u00f3 az \u00e9rz\u00e9keny b\u0151r \u00e1pol\u00e1s\u00e1ra, gyerekek is haszn\u00e1lhatj\u00e1k<\/div><\/li><li class=\"fusion-li-item\" style=\"\"><span class=\"icon-wrapper circle-yes\"><i class=\"fusion-li-icon fa fa-check\" aria-hidden=\"true\"><\/i><\/span><div class=\"fusion-li-item-content\">ekc\u00e9ma \u00e9s pikkelys\u00f6m\u00f6r kezel\u00e9s\u00e9hez is hat\u00e1sos seg\u00edts\u00e9get ny\u00fajt<\/div><\/li><li class=\"fusion-li-item\" style=\"\"><span class=\"icon-wrapper circle-yes\"><i class=\"fusion-li-icon fa fa-check\" aria-hidden=\"true\"><\/i><\/span><div class=\"fusion-li-item-content\">kiv\u00e1l\u00f3an haszn\u00e1lhat\u00f3 az arc tiszt\u00edt\u00e1s\u00e1ra is, a sminket is elt\u00e1vol\u00edtja<\/div><\/li><li class=\"fusion-li-item\" style=\"\"><span class=\"icon-wrapper circle-yes\"><i class=\"fusion-li-icon fa fa-check\" aria-hidden=\"true\"><\/i><\/span><div class=\"fusion-li-item-content\">k\u00edm\u00e9letesen seg\u00edt elt\u00e1vol\u00edtani az elhalt h\u00e1msejteket<\/div><\/li><li class=\"fusion-li-item\" style=\"\"><span class=\"icon-wrapper circle-yes\"><i class=\"fusion-li-icon fa fa-check\" aria-hidden=\"true\"><\/i><\/span><div class=\"fusion-li-item-content\">a szappan haszn\u00e1lat\u00e1val garant\u00e1ltan kevesebb test\u00e1pol\u00f3 fogy majd<\/div><\/li><\/ul><\/div><\/div><div class=\"fusion-layout-column fusion_builder_column fusion-builder-column-4 fusion_builder_column_1_2 1_2 fusion-flex-column fusion-animated\" style=\"--awb-bg-size:cover;--awb-width-large:50%;--awb-margin-top-large:20px;--awb-spacing-right-large:3.84%;--awb-margin-bottom-large:20px;--awb-spacing-left-large:3.84%;--awb-width-medium:50%;--awb-spacing-right-medium:3.84%;--awb-spacing-left-medium:3.84%;--awb-width-small:100%;--awb-spacing-right-small:1.92%;--awb-spacing-left-small:1.92%;\" data-animationType=\"fadeInRight\" data-animationDuration=\"1\" data-animationOffset=\"top-into-view\"><div class=\"fusion-column-wrapper fusion-flex-justify-content-flex-start fusion-content-layout-column\"><div class=\"fusion-image-element \" style=\"text-align:center;--awb-caption-title-font-family:var(--h2_typography-font-family);--awb-caption-title-font-weight:var(--h2_typography-font-weight);--awb-caption-title-font-style:var(--h2_typography-font-style);--awb-caption-title-size:var(--h2_typography-font-size);--awb-caption-title-transform:var(--h2_typography-text-transform);--awb-caption-title-line-height:var(--h2_typography-line-height);--awb-caption-title-letter-spacing:var(--h2_typography-letter-spacing);\"><span class=\" fusion-imageframe imageframe-none imageframe-2 hover-type-none\"><img decoding=\"async\" alt=\"Mosolyg\u00f3 \u2013 Nat\u00far kecsketejes szappan\" src=\"data:image\/gif;base64,R0lGODlhAQABAAAAACH5BAEKAAEALAAAAAABAAEAAAICTAEAOw==\" data-orig-src=\"https:\/\/legendaszappan.hu\/wp-content\/uploads\/2016\/05\/mosolygo-natur-kecsketejes-szappan-nyari-csomag.png\" class=\"lazyload img-responsive\"\/><\/span><\/div><\/div><\/div><\/div><\/div><div class=\"fusion-fullwidth fullwidth-box fusion-builder-row-4 fusion-flex-container nonhundred-percent-fullwidth non-hundred-percent-height-scrolling\" style=\"--awb-background-position:left top;--awb-border-sizes-top:0px;--awb-border-sizes-bottom:0px;--awb-border-sizes-left:0px;--awb-border-sizes-right:0px;--awb-border-radius-top-left:0px;--awb-border-radius-top-right:0px;--awb-border-radius-bottom-right:0px;--awb-border-radius-bottom-left:0px;--awb-padding-top:20px;--awb-padding-bottom:20px;--awb-flex-wrap:wrap;\" ><div class=\"fusion-builder-row fusion-row fusion-flex-align-items-flex-start fusion-flex-content-wrap\" style=\"max-width:1372.8px;margin-left: calc(-4% \/ 2 );margin-right: calc(-4% \/ 2 );\"><div class=\"fusion-layout-column fusion_builder_column fusion-builder-column-5 fusion_builder_column_1_2 1_2 fusion-flex-column fusion-animated\" style=\"--awb-bg-size:cover;--awb-width-large:50%;--awb-margin-top-large:20px;--awb-spacing-right-large:3.84%;--awb-margin-bottom-large:20px;--awb-spacing-left-large:3.84%;--awb-width-medium:50%;--awb-spacing-right-medium:3.84%;--awb-spacing-left-medium:3.84%;--awb-width-small:100%;--awb-spacing-right-small:1.92%;--awb-spacing-left-small:1.92%;\" data-animationType=\"fadeInLeft\" data-animationDuration=\"1\" data-animationOffset=\"top-into-view\"><div class=\"fusion-column-wrapper fusion-flex-justify-content-flex-start fusion-content-layout-column\"><div class=\"fusion-image-element \" style=\"text-align:center;--awb-caption-title-font-family:var(--h2_typography-font-family);--awb-caption-title-font-weight:var(--h2_typography-font-weight);--awb-caption-title-font-style:var(--h2_typography-font-style);--awb-caption-title-size:var(--h2_typography-font-size);--awb-caption-title-transform:var(--h2_typography-text-transform);--awb-caption-title-line-height:var(--h2_typography-line-height);--awb-caption-title-letter-spacing:var(--h2_typography-letter-spacing);\"><span class=\" fusion-imageframe imageframe-none imageframe-3 hover-type-none\"><img decoding=\"async\" alt=\"\u00c9bers\u00e9g \u2013 Citromf\u00fcves kecsketejes szappan\" src=\"data:image\/gif;base64,R0lGODlhAQABAAAAACH5BAEKAAEALAAAAAABAAEAAAICTAEAOw==\" data-orig-src=\"https:\/\/legendaszappan.hu\/wp-content\/uploads\/2016\/05\/eberseg-citromfuves-kecsketejes-szappan-nyari-csomag.png\" class=\"lazyload img-responsive\"\/><\/span><\/div><\/div><\/div><div class=\"fusion-layout-column fusion_builder_column fusion-builder-column-6 fusion_builder_column_1_2 1_2 fusion-flex-column fusion-animated\" style=\"--awb-bg-size:cover;--awb-width-large:50%;--awb-margin-top-large:20px;--awb-spacing-right-large:3.84%;--awb-margin-bottom-large:20px;--awb-spacing-left-large:3.84%;--awb-width-medium:50%;--awb-spacing-right-medium:3.84%;--awb-spacing-left-medium:3.84%;--awb-width-small:100%;--awb-spacing-right-small:1.92%;--awb-spacing-left-small:1.92%;\" data-animationType=\"fadeInRight\" data-animationDuration=\"1\" data-animationOffset=\"top-into-view\"><div class=\"fusion-column-wrapper fusion-flex-justify-content-flex-start fusion-content-layout-column\"><div class=\"fusion-text fusion-text-6\"><h2>\u00c9bers\u00e9g &#8211; Citromf\u00fcves kecsketejes szappan<\/h2>\n<\/div><div class=\"fusion-text fusion-text-7\"><p>Az indiai citromf\u0171 ill\u00f3olaja <strong>dezodor\u00e1l\u00f3<\/strong>, Indi\u00e1t id\u00e9z\u0151 illata pedig <strong>idegnyugtat\u00f3<\/strong> hat\u00e1s\u00fa. Az <strong>\u201e\u00c9bers\u00e9g\u201d citromf\u00fcves kecsketejes szappan<\/strong> kiv\u00e1l\u00f3 hidrat\u00e1l\u00f3, igazi <strong>illatbomba<\/strong>, amely bet\u00f6lti az eg\u00e9sz f\u00fcrd\u0151szob\u00e1d.<\/p>\n<h3><strong>Alkalmaz\u00e1s<\/strong><\/h3>\n<\/div><ul style=\"--awb-size:15px;--awb-line-height:25.5px;--awb-icon-width:25.5px;--awb-icon-height:25.5px;--awb-icon-margin:10.5px;--awb-content-margin:36px;--awb-circlecolor:#f46f01;--awb-circle-yes-font-size:13.2px;\" class=\"fusion-checklist fusion-checklist-3 fusion-checklist-default type-icons\"><li class=\"fusion-li-item\" style=\"\"><span class=\"icon-wrapper circle-yes\"><i class=\"fusion-li-icon fa fa-check\" aria-hidden=\"true\"><\/i><\/span><div class=\"fusion-li-item-content\">az \u201e\u00c9bers\u00e9g\u201d szappan kiv\u00e1l\u00f3 elegye a hidrat\u00e1l\u00f3, t\u00e1pl\u00e1l\u00f3 kecsketejnek \u00e9s a friss\u00edt\u0151 citromf\u0171 ill\u00f3olajnak<\/div><\/li><li class=\"fusion-li-item\" style=\"\"><span class=\"icon-wrapper circle-yes\"><i class=\"fusion-li-icon fa fa-check\" aria-hidden=\"true\"><\/i><\/span><div class=\"fusion-li-item-content\">a citromf\u0171 nyugtat\u00f3, stresszold\u00f3-hat\u00e1s\u00fa, ez\u00e9rt a rosszkedvet \u00e9s a depresszi\u00f3t is el\u0171zi<\/div><\/li><li class=\"fusion-li-item\" style=\"\"><span class=\"icon-wrapper circle-yes\"><i class=\"fusion-li-icon fa fa-check\" aria-hidden=\"true\"><\/i><\/span><div class=\"fusion-li-item-content\">a szappanban tal\u00e1lhat\u00f3 levendula vir\u00e1gok gyeng\u00e9den massz\u00edrozz\u00e1k a b\u0151r\u00f6d<\/div><\/li><\/ul><\/div><\/div><\/div><\/div><\/p>\n","protected":false},"excerpt":{"rendered":"<h2>A ny\u00e1ri b\u0151r\u00e1pol\u00e1shoz v\u00e1laszd a Legenda kecsketejes szappancsomagot!<\/h2>\n<p>A term\u00e9szetes \u00f6sszetev\u0151kb\u0151l k\u00e9sz\u00fclt kecstejjel gazdag\u00edtott, kiv\u00e1l\u00f3 min\u0151s\u00e9g\u0171 term\u00e9kek \u00e1polj\u00e1k b\u0151r\u00f6d az er\u0151s napsug\u00e1rz\u00e1s ut\u00e1n. A szappanokat \u00fagy v\u00e1logattuk \u00f6ssze, hogy az illatos k\u00e9nyeztet\u00e9s mellett a nap\u00e9g\u00e9s t\u00fcneteit is enyh\u00edteni tudd, \u00e9s a b\u0151r\u00f6reged\u00e9ssel is felvehesd a harcot!<\/p>\n","protected":false},"featured_media":13519,"comment_status":"closed","ping_status":"closed","template":"","meta":[],"product_cat":[43],"product_tag":[46,20,32,22,45],"class_list":{"0":"post-13516","1":"product","2":"type-product","3":"status-publish","4":"has-post-thumbnail","6":"product_cat-szappan-csomagok","7":"product_tag-citromfuves","8":"product_tag-kecsketejes","9":"product_tag-koromviragos","10":"product_tag-natur","11":"product_tag-szappancsomag","13":"first","14":"instock","15":"taxable","16":"shipping-taxable","17":"purchasable","18":"product-type-simple"},"_links":{"self":[{"href":"https:\/\/egyik19.hu\/wordpress\/wp-json\/wp\/v2\/product\/13516","targetHints":{"allow":["GET"]}}],"collection":[{"href":"https:\/\/egyik19.hu\/wordpress\/wp-json\/wp\/v2\/product"}],"about":[{"href":"https:\/\/egyik19.hu\/wordpress\/wp-json\/wp\/v2\/types\/product"}],"replies":[{"embeddable":true,"href":"https:\/\/egyik19.hu\/wordpress\/wp-json\/wp\/v2\/comments?post=13516"}],"wp:featuredmedia":[{"embeddable":true,"href":"https:\/\/egyik19.hu\/wordpress\/wp-json\/"}],"wp:attachment":[{"href":"https:\/\/egyik19.hu\/wordpress\/wp-json\/wp\/v2\/media?parent=13516"}],"wp:term":[{"taxonomy":"product_cat","embeddable":true,"href":"https:\/\/egyik19.hu\/wordpress\/wp-json\/wp\/v2\/product_cat?post=13516"},{"taxonomy":"product_tag","embeddable":true,"href":"https:\/\/egyik19.hu\/wordpress\/wp-json\/wp\/v2\/product_tag?post=13516"}],"curies":[{"name":"wp","href":"https:\/\/api.w.org\/{rel}","templated":true}]}}