{"id":13850,"date":"2017-03-09T19:50:22","date_gmt":"2017-03-09T18:50:22","guid":{"rendered":"https:\/\/legendaszappan.hu\/legenda-kecsketejes-szappan\/legenda-tavaszi-szappancsomag\/"},"modified":"2017-03-09T19:50:22","modified_gmt":"2017-03-09T18:50:22","slug":"legenda-tavaszi-szappancsomag","status":"publish","type":"product","link":"https:\/\/egyik19.hu\/wordpress\/termek\/legenda-tavaszi-szappancsomag\/","title":{"rendered":"Tavaszi szappancsomag (levendula sheavaj fah\u00e9j)"},"content":{"rendered":"<p><div class=\"fusion-fullwidth fullwidth-box fusion-builder-row-1 fusion-flex-container nonhundred-percent-fullwidth non-hundred-percent-height-scrolling\" style=\"--awb-border-radius-top-left:0px;--awb-border-radius-top-right:0px;--awb-border-radius-bottom-right:0px;--awb-border-radius-bottom-left:0px;--awb-flex-wrap:wrap;\" ><div class=\"fusion-builder-row fusion-row fusion-flex-align-items-flex-start fusion-flex-content-wrap\" style=\"max-width:calc( 1320px + 0px );margin-left: calc(-0px \/ 2 );margin-right: calc(-0px \/ 2 );\"><div class=\"fusion-layout-column fusion_builder_column fusion-builder-column-0 fusion_builder_column_1_1 1_1 fusion-flex-column\" style=\"--awb-bg-size:cover;--awb-width-large:100%;--awb-margin-top-large:0px;--awb-spacing-right-large:0px;--awb-margin-bottom-large:0px;--awb-spacing-left-large:0px;--awb-width-medium:100%;--awb-spacing-right-medium:0px;--awb-spacing-left-medium:0px;--awb-width-small:100%;--awb-spacing-right-small:0px;--awb-spacing-left-small:0px;\"><div class=\"fusion-column-wrapper fusion-flex-justify-content-flex-start fusion-content-layout-column\"><div class=\"fusion-text fusion-text-1\"><h1>A tavaszi b\u0151r\u00e1pol\u00e1shoz v\u00e1laszd a Legenda kecsketejes szappancsomagot!<\/h1>\n<h2>A term\u00e9szetes \u00f6sszetev\u0151kb\u0151l k\u00e9sz\u00fclt kecstejjel gazdag\u00edtott, kiv\u00e1l\u00f3 min\u0151s\u00e9g\u0171 term\u00e9kek \u00e1polj\u00e1k b\u0151r\u00f6d a szeles tavaszi napok alatt is. A szappanokat \u00fagy v\u00e1logattuk \u00f6ssze, hogy az illatos k\u00e9nyeztet\u00e9s mellett a t\u00e9li id\u0151j\u00e1r\u00e1s is enyh\u00edteni tudd, \u00e9s a b\u0151r\u00f6reged\u00e9ssel is felvehesd a harcot!<\/h2>\n<h3>Mit tartalmaz a csomag?<\/h3>\n<\/div><\/div><\/div><\/div><\/div><div class=\"fusion-fullwidth fullwidth-box fusion-builder-row-2 fusion-flex-container nonhundred-percent-fullwidth non-hundred-percent-height-scrolling\" style=\"--awb-background-position:left top;--awb-border-sizes-top:0px;--awb-border-sizes-bottom:0px;--awb-border-sizes-left:0px;--awb-border-sizes-right:0px;--awb-border-radius-top-left:0px;--awb-border-radius-top-right:0px;--awb-border-radius-bottom-right:0px;--awb-border-radius-bottom-left:0px;--awb-padding-top:20px;--awb-padding-bottom:20px;--awb-flex-wrap:wrap;\" ><div class=\"fusion-builder-row fusion-row fusion-flex-align-items-flex-start fusion-flex-content-wrap\" style=\"max-width:1372.8px;margin-left: calc(-4% \/ 2 );margin-right: calc(-4% \/ 2 );\"><div class=\"fusion-layout-column fusion_builder_column fusion-builder-column-1 fusion_builder_column_1_2 1_2 fusion-flex-column fusion-animated\" style=\"--awb-bg-size:cover;--awb-width-large:50%;--awb-margin-top-large:20px;--awb-spacing-right-large:3.84%;--awb-margin-bottom-large:20px;--awb-spacing-left-large:3.84%;--awb-width-medium:50%;--awb-spacing-right-medium:3.84%;--awb-spacing-left-medium:3.84%;--awb-width-small:100%;--awb-spacing-right-small:1.92%;--awb-spacing-left-small:1.92%;\" data-animationType=\"fadeInLeft\" data-animationDuration=\"1\" data-animationOffset=\"top-into-view\"><div class=\"fusion-column-wrapper fusion-flex-justify-content-flex-start fusion-content-layout-column\"><div class=\"fusion-image-element \" style=\"text-align:center;--awb-caption-title-font-family:var(--h2_typography-font-family);--awb-caption-title-font-weight:var(--h2_typography-font-weight);--awb-caption-title-font-style:var(--h2_typography-font-style);--awb-caption-title-size:var(--h2_typography-font-size);--awb-caption-title-transform:var(--h2_typography-text-transform);--awb-caption-title-line-height:var(--h2_typography-line-height);--awb-caption-title-letter-spacing:var(--h2_typography-letter-spacing);\"><span class=\" fusion-imageframe imageframe-none imageframe-1 hover-type-none\"><img decoding=\"async\" src=\"data:image\/gif;base64,R0lGODlhAQABAAAAACH5BAEKAAEALAAAAAABAAEAAAICTAEAOw==\" data-orig-src=\"https:\/\/legendaszappan.hu\/wp-content\/uploads\/2017\/03\/levendula.jpg\" alt class=\"lazyload img-responsive\"\/><\/span><\/div><\/div><\/div><div class=\"fusion-layout-column fusion_builder_column fusion-builder-column-2 fusion_builder_column_1_2 1_2 fusion-flex-column fusion-animated\" style=\"--awb-bg-size:cover;--awb-width-large:50%;--awb-margin-top-large:20px;--awb-spacing-right-large:3.84%;--awb-margin-bottom-large:20px;--awb-spacing-left-large:3.84%;--awb-width-medium:50%;--awb-spacing-right-medium:3.84%;--awb-spacing-left-medium:3.84%;--awb-width-small:100%;--awb-spacing-right-small:1.92%;--awb-spacing-left-small:1.92%;\" data-animationType=\"fadeInRight\" data-animationDuration=\"1\" data-animationOffset=\"top-into-view\"><div class=\"fusion-column-wrapper fusion-flex-justify-content-flex-start fusion-content-layout-column\"><div class=\"fusion-text fusion-text-2\"><h2>Elm\u00e9ly\u00fcl\u00e9s &#8211; Levendul\u00e1s kecsketejes szappan<\/h2>\n<\/div><div class=\"fusion-text fusion-text-3\"><p>A levendula ill\u00f3olaja <strong>dezodor\u00e1l\u00f3<\/strong>, nyarat id\u00e9z\u0151 illata pedig <strong>idegnyugtat\u00f3<\/strong> hat\u00e1s\u00fa. Az <strong>\u201eElm\u00e9ly\u00fcl\u00e9s\u201d levendul\u00e1s kecsketejes szappan<\/strong> kiv\u00e1l\u00f3 hidrat\u00e1l\u00f3, igazi <strong>illatbomba<\/strong>, amely bet\u00f6lti az eg\u00e9sz f\u00fcrd\u0151szob\u00e1d.<\/p>\n<h3><strong>Alkalmaz\u00e1s<\/strong><\/h3>\n<\/div><ul style=\"--awb-size:16px;--awb-line-height:27.2px;--awb-icon-width:27.2px;--awb-icon-height:27.2px;--awb-icon-margin:11.2px;--awb-content-margin:38.4px;--awb-circlecolor:#f46f01;--awb-circle-yes-font-size:14.08px;\" class=\"fusion-checklist fusion-checklist-1 fusion-checklist-default type-icons\"><li class=\"fusion-li-item\" style=\"\"><span class=\"icon-wrapper circle-yes\"><i class=\"fusion-li-icon fa fa-check\" aria-hidden=\"true\"><\/i><\/span><div class=\"fusion-li-item-content\">\n<p>a szappan kiv\u00e1l\u00f3 elegye a hidrat\u00e1l\u00f3, t\u00e1pl\u00e1l\u00f3 kecsketejnek \u00e9s a nyugtat\u00f3 levendula ill\u00f3olajnak<\/p>\n<\/div><\/li><li class=\"fusion-li-item\" style=\"\"><span class=\"icon-wrapper circle-yes\"><i class=\"fusion-li-icon fa fa-check\" aria-hidden=\"true\"><\/i><\/span><div class=\"fusion-li-item-content\">\n<p>a levendula igazi stresszold\u00f3-hat\u00e1s\u00fa, ez\u00e9rt a rosszkedvet \u00e9s a depresszi\u00f3t is el\u0171zi<\/p>\n<\/div><\/li><li class=\"fusion-li-item\" style=\"\"><span class=\"icon-wrapper circle-yes\"><i class=\"fusion-li-icon fa fa-check\" aria-hidden=\"true\"><\/i><\/span><div class=\"fusion-li-item-content\">\n<p>a szappanban tal\u00e1lhat\u00f3 levendula vir\u00e1gok gyeng\u00e9den massz\u00edrozz\u00e1k is b\u0151r\u00f6d<\/p>\n<\/div><\/li><\/ul><\/div><\/div><\/div><\/div><div class=\"fusion-fullwidth fullwidth-box fusion-builder-row-3 fusion-flex-container nonhundred-percent-fullwidth non-hundred-percent-height-scrolling\" style=\"--awb-background-position:left top;--awb-border-sizes-top:0px;--awb-border-sizes-bottom:0px;--awb-border-sizes-left:0px;--awb-border-sizes-right:0px;--awb-border-radius-top-left:0px;--awb-border-radius-top-right:0px;--awb-border-radius-bottom-right:0px;--awb-border-radius-bottom-left:0px;--awb-padding-top:20px;--awb-padding-bottom:20px;--awb-flex-wrap:wrap;\" ><div class=\"fusion-builder-row fusion-row fusion-flex-align-items-flex-start fusion-flex-content-wrap\" style=\"max-width:1372.8px;margin-left: calc(-4% \/ 2 );margin-right: calc(-4% \/ 2 );\"><div class=\"fusion-layout-column fusion_builder_column fusion-builder-column-3 fusion_builder_column_1_2 1_2 fusion-flex-column fusion-animated\" style=\"--awb-bg-size:cover;--awb-width-large:50%;--awb-margin-top-large:20px;--awb-spacing-right-large:3.84%;--awb-margin-bottom-large:20px;--awb-spacing-left-large:3.84%;--awb-width-medium:50%;--awb-spacing-right-medium:3.84%;--awb-spacing-left-medium:3.84%;--awb-width-small:100%;--awb-spacing-right-small:1.92%;--awb-spacing-left-small:1.92%;\" data-animationType=\"fadeInLeft\" data-animationDuration=\"1\" data-animationOffset=\"top-into-view\"><div class=\"fusion-column-wrapper fusion-flex-justify-content-flex-start fusion-content-layout-column\"><div class=\"fusion-text fusion-text-4\"><h2>Tejben-Vajban \u2013 Sheavajas kecsketejes szappan<\/h2>\n<\/div><div class=\"fusion-text fusion-text-5\"><p>Ha egyszer kipr\u00f3b\u00e1lod a <strong>&#8222;Tejben-Vajban&#8221; sheavajas kecsketejes szappant<\/strong>, biztosan mindig lesz otthon bel\u0151le. Nagyszer\u0171s\u00e9ge egyszer\u0171s\u00e9g\u00e9ben rejlik, <strong>tiszt\u00edtja, hidrat\u00e1lja \u00e9s t\u00e1pl\u00e1lja<\/strong> az \u00e9rz\u00e9keny, sz\u00e1raz b\u0151rt.<\/p>\n<h3><strong>Alkalmaz\u00e1s<\/strong><\/h3>\n<\/div><ul style=\"--awb-size:16px;--awb-line-height:27.2px;--awb-icon-width:27.2px;--awb-icon-height:27.2px;--awb-icon-margin:11.2px;--awb-content-margin:38.4px;--awb-circlecolor:#f46f01;--awb-circle-yes-font-size:14.08px;\" class=\"fusion-checklist fusion-checklist-2 fusion-checklist-default type-icons\"><li class=\"fusion-li-item\" style=\"\"><span class=\"icon-wrapper circle-yes\"><i class=\"fusion-li-icon fa fa-check\" aria-hidden=\"true\"><\/i><\/span><div class=\"fusion-li-item-content\">mivel ill\u00f3olajokat \u00e9s mesters\u00e9ges anyagokat nem tartalmaz, kiv\u00e1l\u00f3an alkalmazhat\u00f3 az \u00e9rz\u00e9keny b\u0151r \u00e1pol\u00e1s\u00e1ra, gyerekek is haszn\u00e1lhatj\u00e1k<\/div><\/li><li class=\"fusion-li-item\" style=\"\"><span class=\"icon-wrapper circle-yes\"><i class=\"fusion-li-icon fa fa-check\" aria-hidden=\"true\"><\/i><\/span><div class=\"fusion-li-item-content\">ekc\u00e9ma \u00e9s pikkelys\u00f6m\u00f6r kezel\u00e9s\u00e9hez is hat\u00e1sos seg\u00edts\u00e9get ny\u00fajt<\/div><\/li><li class=\"fusion-li-item\" style=\"\"><span class=\"icon-wrapper circle-yes\"><i class=\"fusion-li-icon fa fa-check\" aria-hidden=\"true\"><\/i><\/span><div class=\"fusion-li-item-content\">kiv\u00e1l\u00f3an haszn\u00e1lhat\u00f3 az arc tiszt\u00edt\u00e1s\u00e1ra is, a sminket is elt\u00e1vol\u00edtja<\/div><\/li><li class=\"fusion-li-item\" style=\"\"><span class=\"icon-wrapper circle-yes\"><i class=\"fusion-li-icon fa fa-check\" aria-hidden=\"true\"><\/i><\/span><div class=\"fusion-li-item-content\">k\u00edm\u00e9letesen seg\u00edt elt\u00e1vol\u00edtani az elhalt h\u00e1msejteket<\/div><\/li><li class=\"fusion-li-item\" style=\"\"><span class=\"icon-wrapper circle-yes\"><i class=\"fusion-li-icon fa fa-check\" aria-hidden=\"true\"><\/i><\/span><div class=\"fusion-li-item-content\">a szappan haszn\u00e1lat\u00e1val garant\u00e1ltan kevesebb test\u00e1pol\u00f3 fogy majd<\/div><\/li><\/ul><\/div><\/div><div class=\"fusion-layout-column fusion_builder_column fusion-builder-column-4 fusion_builder_column_1_2 1_2 fusion-flex-column fusion-animated\" style=\"--awb-bg-size:cover;--awb-width-large:50%;--awb-margin-top-large:20px;--awb-spacing-right-large:3.84%;--awb-margin-bottom-large:20px;--awb-spacing-left-large:3.84%;--awb-width-medium:50%;--awb-spacing-right-medium:3.84%;--awb-spacing-left-medium:3.84%;--awb-width-small:100%;--awb-spacing-right-small:1.92%;--awb-spacing-left-small:1.92%;\" data-animationType=\"fadeInRight\" data-animationDuration=\"1\" data-animationOffset=\"top-into-view\"><div class=\"fusion-column-wrapper fusion-flex-justify-content-flex-start fusion-content-layout-column\"><div class=\"fusion-image-element \" style=\"text-align:center;--awb-caption-title-font-family:var(--h2_typography-font-family);--awb-caption-title-font-weight:var(--h2_typography-font-weight);--awb-caption-title-font-style:var(--h2_typography-font-style);--awb-caption-title-size:var(--h2_typography-font-size);--awb-caption-title-transform:var(--h2_typography-text-transform);--awb-caption-title-line-height:var(--h2_typography-line-height);--awb-caption-title-letter-spacing:var(--h2_typography-letter-spacing);\"><span class=\" fusion-imageframe imageframe-none imageframe-2 hover-type-none\"><img decoding=\"async\" src=\"data:image\/gif;base64,R0lGODlhAQABAAAAACH5BAEKAAEALAAAAAABAAEAAAICTAEAOw==\" data-orig-src=\"https:\/\/legendaszappan.hu\/wp-content\/uploads\/2017\/03\/sheavaj.jpg\" alt class=\"lazyload img-responsive\"\/><\/span><\/div><\/div><\/div><\/div><\/div><div class=\"fusion-fullwidth fullwidth-box fusion-builder-row-4 fusion-flex-container nonhundred-percent-fullwidth non-hundred-percent-height-scrolling\" style=\"--awb-background-position:left top;--awb-border-sizes-top:0px;--awb-border-sizes-bottom:0px;--awb-border-sizes-left:0px;--awb-border-sizes-right:0px;--awb-border-radius-top-left:0px;--awb-border-radius-top-right:0px;--awb-border-radius-bottom-right:0px;--awb-border-radius-bottom-left:0px;--awb-padding-top:20px;--awb-padding-bottom:20px;--awb-flex-wrap:wrap;\" ><div class=\"fusion-builder-row fusion-row fusion-flex-align-items-flex-start fusion-flex-content-wrap\" style=\"max-width:1372.8px;margin-left: calc(-4% \/ 2 );margin-right: calc(-4% \/ 2 );\"><div class=\"fusion-layout-column fusion_builder_column fusion-builder-column-5 fusion_builder_column_1_2 1_2 fusion-flex-column fusion-animated\" style=\"--awb-bg-size:cover;--awb-width-large:50%;--awb-margin-top-large:20px;--awb-spacing-right-large:3.84%;--awb-margin-bottom-large:20px;--awb-spacing-left-large:3.84%;--awb-width-medium:50%;--awb-spacing-right-medium:3.84%;--awb-spacing-left-medium:3.84%;--awb-width-small:100%;--awb-spacing-right-small:1.92%;--awb-spacing-left-small:1.92%;\" data-animationType=\"fadeInLeft\" data-animationDuration=\"1\" data-animationOffset=\"top-into-view\"><div class=\"fusion-column-wrapper fusion-flex-justify-content-flex-start fusion-content-layout-column\"><div class=\"fusion-image-element \" style=\"text-align:center;--awb-caption-title-font-family:var(--h2_typography-font-family);--awb-caption-title-font-weight:var(--h2_typography-font-weight);--awb-caption-title-font-style:var(--h2_typography-font-style);--awb-caption-title-size:var(--h2_typography-font-size);--awb-caption-title-transform:var(--h2_typography-text-transform);--awb-caption-title-line-height:var(--h2_typography-line-height);--awb-caption-title-letter-spacing:var(--h2_typography-letter-spacing);\"><span class=\" fusion-imageframe imageframe-none imageframe-3 hover-type-none\"><img decoding=\"async\" src=\"data:image\/gif;base64,R0lGODlhAQABAAAAACH5BAEKAAEALAAAAAABAAEAAAICTAEAOw==\" data-orig-src=\"https:\/\/legendaszappan.hu\/wp-content\/uploads\/2017\/03\/fahej.jpg\" alt class=\"lazyload img-responsive\"\/><\/span><\/div><\/div><\/div><div class=\"fusion-layout-column fusion_builder_column fusion-builder-column-6 fusion_builder_column_1_2 1_2 fusion-flex-column fusion-animated\" style=\"--awb-bg-size:cover;--awb-width-large:50%;--awb-margin-top-large:20px;--awb-spacing-right-large:3.84%;--awb-margin-bottom-large:20px;--awb-spacing-left-large:3.84%;--awb-width-medium:50%;--awb-spacing-right-medium:3.84%;--awb-spacing-left-medium:3.84%;--awb-width-small:100%;--awb-spacing-right-small:1.92%;--awb-spacing-left-small:1.92%;\" data-animationType=\"fadeInRight\" data-animationDuration=\"1\" data-animationOffset=\"top-into-view\"><div class=\"fusion-column-wrapper fusion-flex-justify-content-flex-start fusion-content-layout-column\"><div class=\"fusion-text fusion-text-6\"><h2>Der\u0171 \u2013 Fah\u00e9jas kecsketejes szappan<\/h2>\n<\/div><div class=\"fusion-text fusion-text-7\"><p>A n\u00e9pi gy\u00f3gy\u00e1szatban gyakran haszn\u00e1lt fah\u00e9j ill\u00f3olaja jav\u00edtja a k\u00f6z\u00e9rzetet \u00e9s gyullad\u00e1scs\u00f6kkent\u0151, fert\u0151tlen\u00edt\u0151 hat\u00e1s\u00fa. A \u201eDer\u0171\u201d fah\u00e9jas kecsketejes szappan k\u00fcl\u00f6nleges illat\u00e1val, a benne tal\u00e1lhat\u00f3 ill\u00f3olajjal extra lend\u00fcletet ad!<\/p>\n<p><strong>Alkalmaz\u00e1s:<\/strong><\/p>\n<\/div><ul style=\"--awb-size:16px;--awb-line-height:27.2px;--awb-icon-width:27.2px;--awb-icon-height:27.2px;--awb-icon-margin:11.2px;--awb-content-margin:38.4px;--awb-circlecolor:#f46f01;--awb-circle-yes-font-size:14.08px;\" class=\"fusion-checklist fusion-checklist-3 fusion-checklist-default type-icons\"><li class=\"fusion-li-item\" style=\"\"><span class=\"icon-wrapper circle-yes\"><i class=\"fusion-li-icon fa fa-check\" aria-hidden=\"true\"><\/i><\/span><div class=\"fusion-li-item-content\">\n<p>nagyszer\u0171en fert\u0151tlen\u00edti a b\u0151rt<\/p>\n<\/div><\/li><li class=\"fusion-li-item\" style=\"\"><span class=\"icon-wrapper circle-yes\"><i class=\"fusion-li-icon fa fa-check\" aria-hidden=\"true\"><\/i><\/span><div class=\"fusion-li-item-content\">\n<p>a fah\u00e9j ill\u00f3olaj \u00e9l\u00e9nk\u00edti a v\u00e9rkering\u00e9st, szappanoz\u00e1s ut\u00e1n a \u201ek\u00e9nyes\u201d ter\u00fcleteket massz\u00edrozva j\u00f3t\u00e9konyan hat a narancsb\u0151rre<\/p>\n<\/div><\/li><li class=\"fusion-li-item\" style=\"\"><span class=\"icon-wrapper circle-yes\"><i class=\"fusion-li-icon fa fa-check\" aria-hidden=\"true\"><\/i><\/span><div class=\"fusion-li-item-content\">\n<p>a szappan csod\u00e1s illat\u00e1t hosszan \u00e9rzed a b\u0151r\u00f6d\u00f6n<\/p>\n<\/div><\/li><\/ul><\/div><\/div><\/div><\/div><\/p>\n","protected":false},"excerpt":{"rendered":"<h2>A tavaszi b\u0151r\u00e1pol\u00e1shoz v\u00e1laszd a Legenda kecsketejes szappancsomagot!<\/h2>\n<p>A term\u00e9szetes \u00f6sszetev\u0151kb\u0151l k\u00e9sz\u00fclt kecstejjel gazdag\u00edtott, kiv\u00e1l\u00f3 min\u0151s\u00e9g\u0171 term\u00e9kek \u00e1polj\u00e1k b\u0151r\u00f6d a szeles \u00a0tavaszi id\u0151ben is. A szappanokat \u00fagy v\u00e1logattuk \u00f6ssze, hogy az illatos k\u00e9nyeztet\u00e9s mellett a tavaszi m\u00e9regtelen\u00edt\u00e9st is t\u00e1mogatni tudja a b\u0151r\u00f6d fiatals\u00e1g\u00e1\u00e9rt!<\/p>\n","protected":false},"featured_media":13842,"comment_status":"closed","ping_status":"closed","template":"","meta":[],"product_cat":[43],"product_tag":[20,26,44,45,29],"class_list":{"0":"post-13850","1":"product","2":"type-product","3":"status-publish","4":"has-post-thumbnail","6":"product_cat-szappan-csomagok","7":"product_tag-kecsketejes","8":"product_tag-levendulas","9":"product_tag-sheavajas","10":"product_tag-szappancsomag","11":"product_tag-teafa-olajos","13":"first","14":"instock","15":"taxable","16":"shipping-taxable","17":"purchasable","18":"product-type-simple"},"_links":{"self":[{"href":"https:\/\/egyik19.hu\/wordpress\/wp-json\/wp\/v2\/product\/13850","targetHints":{"allow":["GET"]}}],"collection":[{"href":"https:\/\/egyik19.hu\/wordpress\/wp-json\/wp\/v2\/product"}],"about":[{"href":"https:\/\/egyik19.hu\/wordpress\/wp-json\/wp\/v2\/types\/product"}],"replies":[{"embeddable":true,"href":"https:\/\/egyik19.hu\/wordpress\/wp-json\/wp\/v2\/comments?post=13850"}],"wp:featuredmedia":[{"embeddable":true,"href":"https:\/\/egyik19.hu\/wordpress\/wp-json\/"}],"wp:attachment":[{"href":"https:\/\/egyik19.hu\/wordpress\/wp-json\/wp\/v2\/media?parent=13850"}],"wp:term":[{"taxonomy":"product_cat","embeddable":true,"href":"https:\/\/egyik19.hu\/wordpress\/wp-json\/wp\/v2\/product_cat?post=13850"},{"taxonomy":"product_tag","embeddable":true,"href":"https:\/\/egyik19.hu\/wordpress\/wp-json\/wp\/v2\/product_tag?post=13850"}],"curies":[{"name":"wp","href":"https:\/\/api.w.org\/{rel}","templated":true}]}}