{"id":15014,"date":"2019-08-08T00:16:34","date_gmt":"2019-08-07T22:16:34","guid":{"rendered":"https:\/\/legendaszappan.hu\/?post_type=product&amp;p=15014"},"modified":"2019-08-08T00:16:34","modified_gmt":"2019-08-07T22:16:34","slug":"tejben-vajban-sheavajas-kecsketejes-szappan-kura-3db","status":"publish","type":"product","link":"https:\/\/egyik19.hu\/wordpress\/termek\/tejben-vajban-sheavajas-kecsketejes-szappan-kura-3db\/","title":{"rendered":"TEJBEN-VAJBAN &#8211; sheavajas kecsketejes szappan K\u00fara (3db)"},"content":{"rendered":"<div class=\"fusion-fullwidth fullwidth-box fusion-builder-row-1 fusion-flex-container nonhundred-percent-fullwidth non-hundred-percent-height-scrolling\" style=\"--awb-border-radius-top-left:0px;--awb-border-radius-top-right:0px;--awb-border-radius-bottom-right:0px;--awb-border-radius-bottom-left:0px;--awb-flex-wrap:wrap;\" ><div class=\"fusion-builder-row fusion-row fusion-flex-align-items-flex-start fusion-flex-content-wrap\" style=\"max-width:calc( 1320px + 0px );margin-left: calc(-0px \/ 2 );margin-right: calc(-0px \/ 2 );\"><div class=\"fusion-layout-column fusion_builder_column fusion-builder-column-0 fusion_builder_column_1_1 1_1 fusion-flex-column\" style=\"--awb-bg-size:cover;--awb-width-large:100%;--awb-margin-top-large:20px;--awb-spacing-right-large:0px;--awb-margin-bottom-large:20px;--awb-spacing-left-large:0px;--awb-width-medium:100%;--awb-spacing-right-medium:0px;--awb-spacing-left-medium:0px;--awb-width-small:100%;--awb-spacing-right-small:0px;--awb-spacing-left-small:0px;\"><div class=\"fusion-column-wrapper fusion-flex-justify-content-flex-start fusion-content-layout-column\"><div class=\"fusion-separator fusion-full-width-sep\" style=\"align-self: center;margin-left: auto;margin-right: auto;margin-top:20px;width:100%;\"><\/div><div class=\"fusion-title title fusion-title-1 fusion-sep-none fusion-title-text fusion-title-size-three\" style=\"--awb-text-color:#58790e;\"><h3 class=\"fusion-title-heading title-heading-left fusion-responsive-typography-calculated\" style=\"margin:0;--fontSize:32;line-height:1.26;\">SZ\u00c1LL\u00cdT\u00c1S:<\/h3><\/div><div class=\"fusion-text fusion-text-1\"><p>A sz\u00e1ml\u00e1z\u00e1si adatokat marad\u00e9ktalanul t\u00f6ltse ki, illetve a csillaggal jel\u00f6lt mez\u0151k kit\u00f6lt\u00e9se k\u00f6telez\u0151!<br \/>\nAmennyiben m\u00e1s c\u00edmre k\u00e9ri a sz\u00e1ll\u00edt\u00e1st jel\u00f6lje be a &#8222;<label class=\"woocommerce-form__label woocommerce-form__label-for-checkbox checkbox\">Sz\u00e1ll\u00edt\u00e1s m\u00e1sik c\u00edmre?&#8221; felirat mellet tal\u00e1lhat\u00f3 jel\u00f6l\u0151mez\u0151t \u00e9s t\u00f6ltse ki az adatokat.<br \/>\nA csomagj\u00e1t k\u00e9rheti otthon\u00e1ba h\u00e1zhoz sz\u00e1ll\u00edt\u00e1ssal vagy b\u00e1rmely FOXPOST automat\u00e1ba a list\u00e1b\u00f3l.<\/label><\/p>\n<\/div><div class=\"fusion-title title fusion-title-2 fusion-sep-none fusion-title-text fusion-title-size-three\" style=\"--awb-text-color:#58790e;\"><h3 class=\"fusion-title-heading title-heading-left fusion-responsive-typography-calculated\" style=\"margin:0;--fontSize:32;line-height:1.26;\">FIZET\u00c9S:<\/h3><\/div><div class=\"fusion-text fusion-text-2\"><p>Fizessen egyszer\u0171en, k\u00f6nnyed\u00e9n bankk\u00e1rty\u00e1j\u00e1val! (gyors, k\u00e9nyelmes, biztons\u00e1gos fizet\u00e9si m\u00f3d)<br \/>\nFizethet otthon\u00e1ban, a csomagsz\u00e1ll\u00edt\u00f3 fut\u00e1rnak, illetve el\u0151re utal\u00e1ssal is.<br \/>\nV\u00e1s\u00e1rl\u00e1s\u00e1r\u00f3l elektronikus sz\u00e1ml\u00e1t kap, melyet e-mail fi\u00f3kj\u00e1ban tal\u00e1l majd.<\/p>\n<\/div><div class=\"fusion-title title fusion-title-3 fusion-sep-none fusion-title-text fusion-title-size-three\" style=\"--awb-text-color:#58790e;\"><h3 class=\"fusion-title-heading title-heading-left fusion-responsive-typography-calculated\" style=\"margin:0;--fontSize:32;line-height:1.26;\"><span style=\"color: #58790e;\">R\u00c9SZLETES TERM\u00c9K INFORM\u00c1CI\u00d3K:<\/span><\/h3><\/div><div class=\"fusion-text fusion-text-3\"><p>A shea vaj vitaminokban (A, E \u00e9s F) \u00e9s zs\u00edrsavakban gazdag, hosszan tart\u00f3 hidrat\u00e1l\u00f3 hat\u00e1s\u00fa vaj.<br \/>\n\u00d6sszetev\u0151i a b\u0151r term\u00e9szetes lipidjeivel rokonok, ez\u00e9rt ez a \u201eTejben-Vajban\u201d szappan nem csak tiszt\u00edt, hanem kr\u00e9mes hat\u00e1st biztos\u00edt haszn\u00e1lat ut\u00e1n.<\/p>\n<p>Alkalmaz\u00e1s:<\/p>\n<ul>\n<li>ekc\u00e9ma \u00e9s pikkelys\u00f6m\u00f6r kezel\u00e9s\u00e9hez is hat\u00e9kony kieg\u00e9sz\u00edt\u0151 lehet \u2013 t\u00f6bb v\u00e1s\u00e1rl\u00f3nk is besz\u00e1molt t\u00fcneteik jelent\u0151s javul\u00e1s\u00e1r\u00f3l<\/li>\n<li>a szappan illatanyag- \u00e9s ill\u00f3olaj mentes, a leg\u00e9rz\u00e9kenyebb b\u0151rt sem irrit\u00e1lja<\/li>\n<li>kr\u00e9mes habbal k\u00e9nyeztet minden haszn\u00e1latkor<\/li>\n<li>gyermekeknek is aj\u00e1nljuk<\/li>\n<li>a shea vaj kiv\u00e1l\u00f3 hidrat\u00e1l\u00f3 hat\u00e1s\u00e1nak k\u00f6sz\u00f6nhet\u0151en nem kell test\u00e1pol\u00f3t haszn\u00e1lnod, b\u0151r\u00f6d m\u00e9gis selymes lesz<\/li>\n<\/ul>\n<p>\u00d6sszetev\u0151k: elszappanos\u00edtott k\u00f3kusz-, p\u00e1lma-, ol\u00edva-, napraforg\u00f3olaj, v\u00edz\/kecsketejb\u0151l, glicerin*, elszappanos\u00edtott sheavaj<\/p>\n<p>Ingredients: Sodium Cocoate, Sodium Palmate, Sodium Olivate, Sodium Heliate, Aqua\/Caprae Lac, Glycerin*, Sodium Shea Butterate<\/p>\n<p>T\u00f6mege: (1db) 95g \u00b1 10 %<\/p>\n<p><em>*az elszappanos\u00edt\u00e1si reakci\u00f3ban term\u00e9szetesen keletkezik<\/em><\/p>\n<\/div><div class=\"fusion-separator fusion-full-width-sep\" style=\"align-self: center;margin-left: auto;margin-right: auto;margin-top:20px;width:100%;\"><\/div><\/div><\/div><\/div><\/div>\n","protected":false},"excerpt":{"rendered":"","protected":false},"featured_media":15018,"comment_status":"open","ping_status":"closed","template":"","meta":[],"product_cat":[27,43],"product_tag":[20,44],"class_list":{"0":"post-15014","1":"product","2":"type-product","3":"status-publish","4":"has-post-thumbnail","6":"product_cat-promocio","7":"product_cat-szappan-csomagok","8":"product_tag-kecsketejes","9":"product_tag-sheavajas","11":"first","12":"instock","13":"sale","14":"sold-individually","15":"taxable","16":"shipping-taxable","17":"purchasable","18":"product-type-simple"},"_links":{"self":[{"href":"https:\/\/egyik19.hu\/wordpress\/wp-json\/wp\/v2\/product\/15014","targetHints":{"allow":["GET"]}}],"collection":[{"href":"https:\/\/egyik19.hu\/wordpress\/wp-json\/wp\/v2\/product"}],"about":[{"href":"https:\/\/egyik19.hu\/wordpress\/wp-json\/wp\/v2\/types\/product"}],"replies":[{"embeddable":true,"href":"https:\/\/egyik19.hu\/wordpress\/wp-json\/wp\/v2\/comments?post=15014"}],"wp:featuredmedia":[{"embeddable":true,"href":"https:\/\/egyik19.hu\/wordpress\/wp-json\/"}],"wp:attachment":[{"href":"https:\/\/egyik19.hu\/wordpress\/wp-json\/wp\/v2\/media?parent=15014"}],"wp:term":[{"taxonomy":"product_cat","embeddable":true,"href":"https:\/\/egyik19.hu\/wordpress\/wp-json\/wp\/v2\/product_cat?post=15014"},{"taxonomy":"product_tag","embeddable":true,"href":"https:\/\/egyik19.hu\/wordpress\/wp-json\/wp\/v2\/product_tag?post=15014"}],"curies":[{"name":"wp","href":"https:\/\/api.w.org\/{rel}","templated":true}]}}