{"id":51,"date":"2014-06-19T18:37:42","date_gmt":"2014-06-19T16:37:42","guid":{"rendered":"http:\/\/szappanka.esy.es\/wp\/?post_type=product&amp;p=50"},"modified":"2014-06-19T18:37:42","modified_gmt":"2014-06-19T16:37:42","slug":"sheavajas-kecsketejes-szappan","status":"publish","type":"product","link":"https:\/\/egyik19.hu\/wordpress\/termek\/sheavajas-kecsketejes-szappan\/","title":{"rendered":"TEJBEN-VAJBAN <br \/>&#8211; Sheavajas kecsketejes szappan"},"content":{"rendered":"<h2>&#8222;Tejben \u2013 Vajban&#8221; &#8211; Sheavajas kecsketejes szappan<\/h2>\n<h3>K\u00e9nyeztet\u00e9s shea vajjal<\/h3>\n<p>Ha igaz\u00e1n kifinomult illat\u00fa szappanra \u00e9s extra k\u00e9nyeztet\u00e9sre v\u00e1gysz, haszn\u00e1ld a \u201eTejben \u2013 Vajban&#8221; kecsketejes szappant!<\/p>\n<p><strong>Alkalmaz\u00e1s:<\/strong><\/p>\n<ul>\n<li>ekc\u00e9ma \u00e9s pikkelys\u00f6m\u00f6r kezel\u00e9s\u00e9hez is hat\u00e9kony kieg\u00e9sz\u00edt\u0151 lehet \u2013 t\u00f6bb v\u00e1s\u00e1rl\u00f3nk is besz\u00e1molt t\u00fcneteik jelent\u0151s javul\u00e1s\u00e1r\u00f3l<\/li>\n<li>a szappan illatanyag- \u00e9s ill\u00f3olaj mentes, a leg\u00e9rz\u00e9kenyebb b\u0151rt sem irrit\u00e1lja<\/li>\n<li>kr\u00e9mes habbal k\u00e9nyeztet minden haszn\u00e1latkor<\/li>\n<li>gyermekeknek is aj\u00e1nljuk<\/li>\n<li>a shea vaj kiv\u00e1l\u00f3 hidrat\u00e1l\u00f3 hat\u00e1s\u00e1nak k\u00f6sz\u00f6nhet\u0151en nem kell test\u00e1pol\u00f3t haszn\u00e1lnod, b\u0151r\u00f6d m\u00e9gis selymes lesz<\/li>\n<\/ul>\n<p>\u00d6sszetev\u0151k: elszappanos\u00edtott k\u00f3kusz-, p\u00e1lma-, ol\u00edva-, napraforg\u00f3olaj, v\u00edz\/kecsketejb\u0151l, glicerin*, elszappanos\u00edtott sheavaj<\/p>\n<p>Ingredients: Sodium Cocoate, Sodium Palmate, Sodium Olivate, Sodium Heliate, Aqua\/Caprae Lac, Glycerin*, Sodium Shea Butterate<\/p>\n<p>T\u00f6mege: 95g \u00b1 10 %<\/p>\n<p><em>*az elszappanos\u00edt\u00e1si reakci\u00f3ban term\u00e9szetesen keletkezik<\/em><\/p>\n","protected":false},"excerpt":{"rendered":"<p>A shea vaj vitaminokban (A, E \u00e9s F) \u00e9s zs\u00edrsavakban gazdag, hosszan tart\u00f3 hidrat\u00e1l\u00f3 hat\u00e1s\u00fa vaj. \u00d6sszetev\u0151i a b\u0151r term\u00e9szetes lipidjeivel rokonok, ez\u00e9rt ez a \u201eTejben-Vajban\u201d szappan nem csak tiszt\u00edt, hanem kr\u00e9mes hat\u00e1st biztos\u00edt haszn\u00e1lat ut\u00e1n.<\/p>\n","protected":false},"featured_media":13837,"comment_status":"open","ping_status":"closed","template":"","meta":[],"product_cat":[19,21,23,24,25],"product_tag":[20,44],"class_list":{"0":"post-51","1":"product","2":"type-product","3":"status-publish","4":"has-post-thumbnail","6":"product_cat-gyermekeknek","7":"product_cat-kombinalt-borre","8":"product_cat-normal-borre","9":"product_cat-problemas-borre","10":"product_cat-szaraz-borre","11":"product_tag-kecsketejes","12":"product_tag-sheavajas","14":"first","15":"instock","16":"featured","17":"taxable","18":"shipping-taxable","19":"purchasable","20":"product-type-simple"},"_links":{"self":[{"href":"https:\/\/egyik19.hu\/wordpress\/wp-json\/wp\/v2\/product\/51","targetHints":{"allow":["GET"]}}],"collection":[{"href":"https:\/\/egyik19.hu\/wordpress\/wp-json\/wp\/v2\/product"}],"about":[{"href":"https:\/\/egyik19.hu\/wordpress\/wp-json\/wp\/v2\/types\/product"}],"replies":[{"embeddable":true,"href":"https:\/\/egyik19.hu\/wordpress\/wp-json\/wp\/v2\/comments?post=51"}],"wp:featuredmedia":[{"embeddable":true,"href":"https:\/\/egyik19.hu\/wordpress\/wp-json\/"}],"wp:attachment":[{"href":"https:\/\/egyik19.hu\/wordpress\/wp-json\/wp\/v2\/media?parent=51"}],"wp:term":[{"taxonomy":"product_cat","embeddable":true,"href":"https:\/\/egyik19.hu\/wordpress\/wp-json\/wp\/v2\/product_cat?post=51"},{"taxonomy":"product_tag","embeddable":true,"href":"https:\/\/egyik19.hu\/wordpress\/wp-json\/wp\/v2\/product_tag?post=51"}],"curies":[{"name":"wp","href":"https:\/\/api.w.org\/{rel}","templated":true}]}}