{"id":55,"date":"2014-05-21T19:03:00","date_gmt":"2014-05-21T17:03:00","guid":{"rendered":"http:\/\/szappanka.esy.es\/wp\/?post_type=product&amp;p=55"},"modified":"2023-03-07T14:02:59","modified_gmt":"2023-03-07T13:02:59","slug":"fahejas-kecsketejes-szappan","status":"publish","type":"product","link":"https:\/\/egyik19.hu\/wordpress\/termek\/fahejas-kecsketejes-szappan\/","title":{"rendered":"DER\u0170 Fah\u00e9jas kecsketejes szappan"},"content":{"rendered":"<h2>&#8222;Der\u0171&#8221; &#8211; Fah\u00e9jas kecsketejes szappan<\/h2>\n<p>A n\u00e9pi gy\u00f3gy\u00e1szatban gyakran haszn\u00e1lt fah\u00e9j ill\u00f3olaja jav\u00edtja a k\u00f6z\u00e9rzetet \u00e9s gyullad\u00e1scs\u00f6kkent\u0151, fert\u0151tlen\u00edt\u0151 hat\u00e1s\u00fa. A \u201eDer\u0171\u201d fah\u00e9jas kecsketejes szappan k\u00fcl\u00f6nleges illat\u00e1val, a benne tal\u00e1lhat\u00f3 ill\u00f3olajjal extra lend\u00fcletet ad!<\/p>\n<p><strong>Alkalmaz\u00e1s<\/strong><\/p>\n<ul>\n<li>a fah\u00e9j ill\u00f3olaj \u00e9l\u00e9nk\u00edti a v\u00e9rkering\u00e9st, szappanoz\u00e1s ut\u00e1n a \u201ek\u00e9nyes\u201d ter\u00fcleteket massz\u00edrozva j\u00f3t\u00e9konyan hat a narancsb\u0151rre<\/li>\n<li>a szappan csod\u00e1s illat\u00e1t hosszan \u00e9rzed a b\u0151r\u00f6d\u00f6n<\/li>\n<li>l\u00e1gy habbal k\u00e9nyeztet, a sok \u00e9rt\u00e9kes n\u00f6v\u00e9nyi olaj \u00e9s a kecsketej extra hidrat\u00e1l\u00e1st biztos\u00edt<\/li>\n<li>a fah\u00e9j ill\u00f3olaj antibakteri\u00e1lis hat\u00e1s\u00fa, \u00edgy ha ezzel mosol kezet, garant\u00e1lt a tisztas\u00e1g<\/li>\n<li>az arc tiszt\u00edt\u00e1s\u00e1hoz, illetve gyerekeknek kev\u00e9sb\u00e9 aj\u00e1nljuk a fah\u00e9j olaj intenz\u00edv v\u00e9rkering\u00e9s-fokoz\u00f3 hat\u00e1sa miatt<\/li>\n<\/ul>\n<p>Ha a \u201eDer\u0171\u201d fah\u00e9jas kecsketejes szappant v\u00e1lasztod, garant\u00e1ltan felp\u00f6r\u00f6gsz majd!<\/p>\n<p>\u00d6sszetev\u0151k: elszappanos\u00edtott k\u00f3kusz-, p\u00e1lma-, ol\u00edva-, napraforg\u00f3olaj, v\u00edz\/kecsketejb\u0151l, glicerin*, fah\u00e9j ill\u00f3olaj, fah\u00e9j, cinnamal**, eugenol**<\/p>\n<p>Ingredients: Sodium Cocoate, Sodium Palmate, Sodium Olivate, Sodium Heliate, Aqua\/Caprae Lac, Glycerin*, Cinnamomum Zeylanicum Oil, Cinnamomum Cassia, Cinnamal**, Eugenol**<\/p>\n<p>V\u00e1rand\u00f3ss\u00e1g alatt a fah\u00e9j ill\u00f3olaj haszn\u00e1lata nem javasolt.<\/p>\n<p>T\u00f6mege: 95g \u00b1 10 %<\/p>\n<p><em>* az elszappanos\u00edt\u00e1si reakci\u00f3ban term\u00e9szetesen keletkezik<br \/>\n** az ill\u00f3olaj term\u00e9szetes komponense<\/em><\/p>\n","protected":false},"excerpt":{"rendered":"<p>A n\u00e9pi gy\u00f3gy\u00e1szatban gyakran haszn\u00e1lt fah\u00e9j ill\u00f3olaja jav\u00edtja a k\u00f6z\u00e9rzetet \u00e9s gyullad\u00e1scs\u00f6kkent\u0151, fert\u0151tlen\u00edt\u0151 hat\u00e1s\u00fa. A \u201eDer\u0171\u201d fah\u00e9jas kecsketejes szappan k\u00fcl\u00f6nleges illat\u00e1val, a benne tal\u00e1lhat\u00f3 ill\u00f3olajjal extra lend\u00fcletet ad!<\/p>\n","protected":false},"featured_media":13836,"comment_status":"open","ping_status":"closed","template":"","meta":[],"product_cat":[23,18],"product_tag":[33,20],"class_list":{"0":"post-55","1":"product","2":"type-product","3":"status-publish","4":"has-post-thumbnail","6":"product_cat-normal-borre","7":"product_cat-zsiros-borre","8":"product_tag-fahejas","9":"product_tag-kecsketejes","11":"first","12":"instock","13":"taxable","14":"shipping-taxable","15":"purchasable","16":"product-type-simple"},"_links":{"self":[{"href":"https:\/\/egyik19.hu\/wordpress\/wp-json\/wp\/v2\/product\/55","targetHints":{"allow":["GET"]}}],"collection":[{"href":"https:\/\/egyik19.hu\/wordpress\/wp-json\/wp\/v2\/product"}],"about":[{"href":"https:\/\/egyik19.hu\/wordpress\/wp-json\/wp\/v2\/types\/product"}],"replies":[{"embeddable":true,"href":"https:\/\/egyik19.hu\/wordpress\/wp-json\/wp\/v2\/comments?post=55"}],"wp:featuredmedia":[{"embeddable":true,"href":"https:\/\/egyik19.hu\/wordpress\/wp-json\/"}],"wp:attachment":[{"href":"https:\/\/egyik19.hu\/wordpress\/wp-json\/wp\/v2\/media?parent=55"}],"wp:term":[{"taxonomy":"product_cat","embeddable":true,"href":"https:\/\/egyik19.hu\/wordpress\/wp-json\/wp\/v2\/product_cat?post=55"},{"taxonomy":"product_tag","embeddable":true,"href":"https:\/\/egyik19.hu\/wordpress\/wp-json\/wp\/v2\/product_tag?post=55"}],"curies":[{"name":"wp","href":"https:\/\/api.w.org\/{rel}","templated":true}]}}