{"id":56,"date":"2014-05-21T19:08:33","date_gmt":"2014-05-21T17:08:33","guid":{"rendered":"http:\/\/szappanka.esy.es\/wp\/?post_type=product&amp;p=56"},"modified":"2014-05-21T19:08:33","modified_gmt":"2014-05-21T17:08:33","slug":"rozsas-kecsketejes-szappan","status":"publish","type":"product","link":"https:\/\/egyik19.hu\/wordpress\/termek\/rozsas-kecsketejes-szappan\/","title":{"rendered":"MYSTICA <br \/>&#8211; R\u00f3zs\u00e1s kecsketejes szappan"},"content":{"rendered":"<h2>&#8222;Mystica&#8221; &#8211; R\u00f3zs\u00e1s kecsketejes szappan<\/h2>\n<h3>R\u00f3zsaillat\u00fa hidrat\u00e1l\u00e1s<\/h3>\n<p>A csod\u00e1s illat\u00fa \u00e9s kellemes sz\u00edn\u0171 szappan meghitt hangulatot var\u00e1zsol f\u00fcrd\u0151szob\u00e1dba, amellett, hogy az ol\u00edvaolaj, a kecsketej csod\u00e1san hidrat\u00e1lja is a b\u0151r\u00f6d.<\/p>\n<p><strong>Alkalmaz\u00e1s<\/strong><\/p>\n<ul>\n<li>a kecsketejben tal\u00e1lhat\u00f3 Q10 koenzim, \u00e9s a tel\u00edtetlen zs\u00edrsavak seg\u00edtenek, hogy b\u0151r\u00fcnk visszanyerje m\u0171k\u00f6d\u00e9s\u00e9nek egyens\u00faly\u00e1t<\/li>\n<li>szint\u00e9n a kecsketej j\u00f3t\u00e9kony hat\u00e1sa term\u00e9szetes h\u00e1mlaszt\u00f3 hat\u00e1sa, amely a benne tal\u00e1lhat\u00f3 AHA-savnak k\u00f6sz\u00f6nhet\u0151<\/li>\n<\/ul>\n<p>Ha egy f\u00e1radt nap ut\u00e1n \u00fagy \u00e9rzed, k\u00fcl\u00f6nleges k\u00e9nyeztet\u00e9sre v\u00e1gysz, v\u00e1laszd a Legenda Szappanm\u0171hely Mystica r\u00f3zs\u00e1s kecsketejes szappanj\u00e1t!<\/p>\n<p>\u00d6sszetev\u0151k: elszappanos\u00edtott k\u00f3kusz-, p\u00e1lma-, ol\u00edva-, napraforg\u00f3olaj, v\u00edz\/kecsketejb\u0151l, glicerin*, r\u00f3zsa illatolaj, fest\u0151buz\u00e9r, citronellol**, geraniol**<\/p>\n<p>Ingredients: Sodium Cocoate, Sodium Palmate, Sodium Olivate, Sodium Heliate, Aqua\/Caprae Lac, Glycerin*, Parfum\/Fragrance, Rubia Tinctorum, Citronellol**, Geraniol**<\/p>\n<p>T\u00f6mege: 95g \u00b1 10 %<\/p>\n<p><em>* az elszappanos\u00edt\u00e1si reakci\u00f3ban term\u00e9szetesen keletkezik<br \/>\n** illatolaj komponensek<\/em><\/p>\n","protected":false},"excerpt":{"rendered":"<p>A csod\u00e1s illat\u00fa \u00e9s kellemes sz\u00edn\u0171 szappan meghitt hangulatot var\u00e1zsol f\u00fcrd\u0151szob\u00e1dba, amellett, hogy az ol\u00edvaolaj, a kecsketej csod\u00e1san hidrat\u00e1lja is a b\u0151r\u00f6d.<\/p>\n","protected":false},"featured_media":13532,"comment_status":"open","ping_status":"closed","template":"","meta":[],"product_cat":[21,23],"product_tag":[20,34],"class_list":{"0":"post-56","1":"product","2":"type-product","3":"status-publish","4":"has-post-thumbnail","6":"product_cat-kombinalt-borre","7":"product_cat-normal-borre","8":"product_tag-kecsketejes","9":"product_tag-rozsas","11":"first","12":"instock","13":"taxable","14":"shipping-taxable","15":"purchasable","16":"product-type-simple"},"_links":{"self":[{"href":"https:\/\/egyik19.hu\/wordpress\/wp-json\/wp\/v2\/product\/56","targetHints":{"allow":["GET"]}}],"collection":[{"href":"https:\/\/egyik19.hu\/wordpress\/wp-json\/wp\/v2\/product"}],"about":[{"href":"https:\/\/egyik19.hu\/wordpress\/wp-json\/wp\/v2\/types\/product"}],"replies":[{"embeddable":true,"href":"https:\/\/egyik19.hu\/wordpress\/wp-json\/wp\/v2\/comments?post=56"}],"wp:featuredmedia":[{"embeddable":true,"href":"https:\/\/egyik19.hu\/wordpress\/wp-json\/"}],"wp:attachment":[{"href":"https:\/\/egyik19.hu\/wordpress\/wp-json\/wp\/v2\/media?parent=56"}],"wp:term":[{"taxonomy":"product_cat","embeddable":true,"href":"https:\/\/egyik19.hu\/wordpress\/wp-json\/wp\/v2\/product_cat?post=56"},{"taxonomy":"product_tag","embeddable":true,"href":"https:\/\/egyik19.hu\/wordpress\/wp-json\/wp\/v2\/product_tag?post=56"}],"curies":[{"name":"wp","href":"https:\/\/api.w.org\/{rel}","templated":true}]}}