{"id":74,"date":"2014-05-24T08:45:30","date_gmt":"2014-05-24T06:45:30","guid":{"rendered":"http:\/\/szappanmuhely.hu\/wordpress\/?post_type=product&amp;p=74"},"modified":"2014-05-24T08:45:30","modified_gmt":"2014-05-24T06:45:30","slug":"csalanos-kecsketejes-szappan","status":"publish","type":"product","link":"https:\/\/egyik19.hu\/wordpress\/termek\/csalanos-kecsketejes-szappan\/","title":{"rendered":"B\u00d6LCSESS\u00c9G Csal\u00e1nos kecsketejes szappan zs\u00edros b\u0151rre"},"content":{"rendered":"<h2>\u201eB\u00f6lcsess\u00e9g\u201d &#8211; Csal\u00e1nos kecsketejes szappan<\/h2>\n<h3>Zs\u00edros b\u0151r kezel\u00e9s\u00e9re<\/h3>\n<p>Ha pattan\u00e1sokkal, f\u00e9nyl\u0151 b\u0151rrel k\u00fczdesz, pr\u00f3b\u00e1ld ki a \u201eB\u00f6lcsess\u00e9g\u201d csal\u00e1nos kecsketejes szappant, t\u00fcneteid garant\u00e1ltan javulni fognak!<\/p>\n<p><strong>Alkalmaz\u00e1s:<\/strong><\/p>\n<ul>\n<li>els\u0151sorban zs\u00edros b\u0151r eset\u00e9n aj\u00e1nljuk, seg\u00edt a pattan\u00e1sok elt\u00fcntet\u00e9s\u00e9ben<\/li>\n<\/ul>\n<p>\u00d6sszetev\u0151k: elszappanos\u00edtott k\u00f3kusz-, p\u00e1lma-, ol\u00edva-, napraforg\u00f3olaj, v\u00edz\/kecsketejb\u0151l, glicerin*, csal\u00e1n, levendula ill\u00f3olaj, borsmenta ill\u00f3olaj, eukaliptusz ill\u00f3olaj, citromf\u0171 ill\u00f3olaj, fest\u0151buz\u00e9r, linalool**, limonene**, geraniol**<\/p>\n<p>Ingredients: Sodium Cocoate, Sodium Palmate, Sodium Olivate, Sodium Heliate, Aqua\/Caprae Lac, Glycerin*, Urtica Dioica, Lavandula Angustifolia Oil, Mentha Piperita Oil, Eucalyptus Globulus Oil, Melissa Officinalis Oil, Rubia Tinctorum, Linalool**, Limonene**, Geraniol**<\/p>\n<p>T\u00f6mege: 95g \u00b1 10 %<\/p>\n<p><em>* az elszappanos\u00edt\u00e1si reakci\u00f3ban term\u00e9szetesen keletkezik<br \/>\n** az ill\u00f3olaj term\u00e9szetes komponense<\/em><\/p>\n","protected":false},"excerpt":{"rendered":"<p>A csal\u00e1n t\u00f6bb sz\u00e1z \u00e9ve haszn\u00e1latos gy\u00f3gyn\u00f6v\u00e9ny a n\u00e9pi gy\u00f3gy\u00e1szatban, v\u00e9rtiszt\u00edt\u00f3, vizelethajt\u00f3, m\u00e9regtelen\u00edt\u0151 hat\u00e1s\u00e1r\u00f3l ismert els\u0151sorban. A \u201eB\u00f6lcsess\u00e9g\u201d csal\u00e1nos kecsketejes szappan kiv\u00e1l\u00f3 a zs\u00edros b\u0151r kezel\u00e9s\u00e9re, p\u00f3rus\u00f6sszeh\u00faz\u00f3 hat\u00e1s\u00fa. Ebben a szappanban a b\u00e1rsonyosan hidrat\u00e1l\u00f3 kecsketejjel egyes\u00fcl a hat\u00f3ereje.<\/p>\n","protected":false},"featured_media":13499,"comment_status":"open","ping_status":"closed","template":"","meta":[],"product_cat":[24,18],"product_tag":[38,20],"class_list":{"0":"post-74","1":"product","2":"type-product","3":"status-publish","4":"has-post-thumbnail","6":"product_cat-problemas-borre","7":"product_cat-zsiros-borre","8":"product_tag-csalanos","9":"product_tag-kecsketejes","11":"first","12":"instock","13":"taxable","14":"shipping-taxable","15":"purchasable","16":"product-type-simple"},"_links":{"self":[{"href":"https:\/\/egyik19.hu\/wordpress\/wp-json\/wp\/v2\/product\/74","targetHints":{"allow":["GET"]}}],"collection":[{"href":"https:\/\/egyik19.hu\/wordpress\/wp-json\/wp\/v2\/product"}],"about":[{"href":"https:\/\/egyik19.hu\/wordpress\/wp-json\/wp\/v2\/types\/product"}],"replies":[{"embeddable":true,"href":"https:\/\/egyik19.hu\/wordpress\/wp-json\/wp\/v2\/comments?post=74"}],"wp:featuredmedia":[{"embeddable":true,"href":"https:\/\/egyik19.hu\/wordpress\/wp-json\/"}],"wp:attachment":[{"href":"https:\/\/egyik19.hu\/wordpress\/wp-json\/wp\/v2\/media?parent=74"}],"wp:term":[{"taxonomy":"product_cat","embeddable":true,"href":"https:\/\/egyik19.hu\/wordpress\/wp-json\/wp\/v2\/product_cat?post=74"},{"taxonomy":"product_tag","embeddable":true,"href":"https:\/\/egyik19.hu\/wordpress\/wp-json\/wp\/v2\/product_tag?post=74"}],"curies":[{"name":"wp","href":"https:\/\/api.w.org\/{rel}","templated":true}]}}