{"id":78,"date":"2015-06-01T17:18:05","date_gmt":"2015-06-01T15:18:05","guid":{"rendered":"http:\/\/szappanmuhely.hu\/wordpress\/?post_type=product&amp;p=78"},"modified":"2015-06-01T17:18:05","modified_gmt":"2015-06-01T15:18:05","slug":"citromfuves-kecsketejes-szappan","status":"publish","type":"product","link":"https:\/\/egyik19.hu\/wordpress\/termek\/citromfuves-kecsketejes-szappan\/","title":{"rendered":"\u00c9BERS\u00c9G Citromf\u00fcves kecsketejes szappan"},"content":{"rendered":"<h2>\u201e\u00c9bers\u00e9g\u201d &#8211; Citromf\u00fcves kecsketejes szappan<\/h2>\n<h3>Illatos, nyugtat\u00f3 hidrat\u00e1l\u00e1s<\/h3>\n<p>Ha egy csod\u00e1latos illat\u00fa szappanra v\u00e1gysz, amely amellett, hogy \u00e1polja b\u0151r\u00f6d, meg is nyugtat, v\u00e1laszd az \u201e\u00c9bers\u00e9g\u201d citromf\u00fcves kecsketejes szappant!<\/p>\n<p><strong>Alkalmaz\u00e1s<\/strong><\/p>\n<ul>\n<li>az \u201e\u00c9bers\u00e9g\u201d szappan kiv\u00e1l\u00f3 elegye a hidrat\u00e1l\u00f3, t\u00e1pl\u00e1l\u00f3 kecsketejnek \u00e9s a friss\u00edt\u0151 citromf\u0171 ill\u00f3olajnak<\/li>\n<li>a citromf\u0171 nyugtat\u00f3, stresszold\u00f3 hat\u00e1s\u00fa, ez\u00e9rt a rossz kedvet \u00e9s a depresszi\u00f3t is el\u0171zi, a hossz\u00fa t\u00e9li est\u00e9ken egy kis napf\u00e9nyt visz a f\u00fcrd\u0151szob\u00e1dba<\/li>\n<li>a szappanban tal\u00e1lhat\u00f3 levendula vir\u00e1gok gyeng\u00e9den massz\u00edrozz\u00e1k a b\u0151r\u00f6d<\/li>\n<\/ul>\n<p>\u00d6sszetev\u0151k: elszappanos\u00edtott k\u00f3kusz-, p\u00e1lma-, ol\u00edva-, napraforg\u00f3olaj, v\u00edz\/kecsketejb\u0151l, glicerin*, indiai citromf\u0171 ill\u00f3olaj, levendulavir\u00e1g, fest\u0151buz\u00e9r, geraniol**<\/p>\n<p>Ingredients: Sodium Cocoate, Sodium Palmate, Sodium Olivate, Sodium Heliate, Aqua\/Caprae Lac, Glycerin*, Cymbopogon Citratus Oil, Lavandula Angustifolia, Rubia Tinctorum, Geraniol**<\/p>\n<p>T\u00f6mege: 95g \u00b1 10 %<\/p>\n<p><em>* az elszappanos\u00edt\u00e1si reakci\u00f3ban term\u00e9szetesen keletkezik<br \/>\n** az ill\u00f3olaj term\u00e9szetes komponense<\/em><\/p>\n","protected":false},"excerpt":{"rendered":"<p>Az indiai citromf\u0171 ill\u00f3olaja dezodor\u00e1l\u00f3, illata pedig idegnyugtat\u00f3 hat\u00e1s\u00fa \u2013 \u00e9s Indi\u00e1t id\u00e9zi. Az \u201e\u00c9bers\u00e9g\u201d citromf\u00fcves kecsketejes szappan kiv\u00e1l\u00f3 hidrat\u00e1l\u00f3, igazi illatbomba, amely bet\u00f6lti az eg\u00e9sz f\u00fcrd\u0151szob\u00e1d. Egy stresszes nap ut\u00e1n el\u0171zi nyugtalans\u00e1god, illata felfriss\u00edt.<\/p>\n","protected":false},"featured_media":13508,"comment_status":"open","ping_status":"closed","template":"","meta":[],"product_cat":[21,23,25,18],"product_tag":[46,20],"class_list":{"0":"post-78","1":"product","2":"type-product","3":"status-publish","4":"has-post-thumbnail","6":"product_cat-kombinalt-borre","7":"product_cat-normal-borre","8":"product_cat-szaraz-borre","9":"product_cat-zsiros-borre","10":"product_tag-citromfuves","11":"product_tag-kecsketejes","13":"first","14":"instock","15":"featured","16":"taxable","17":"shipping-taxable","18":"purchasable","19":"product-type-simple"},"_links":{"self":[{"href":"https:\/\/egyik19.hu\/wordpress\/wp-json\/wp\/v2\/product\/78","targetHints":{"allow":["GET"]}}],"collection":[{"href":"https:\/\/egyik19.hu\/wordpress\/wp-json\/wp\/v2\/product"}],"about":[{"href":"https:\/\/egyik19.hu\/wordpress\/wp-json\/wp\/v2\/types\/product"}],"replies":[{"embeddable":true,"href":"https:\/\/egyik19.hu\/wordpress\/wp-json\/wp\/v2\/comments?post=78"}],"wp:featuredmedia":[{"embeddable":true,"href":"https:\/\/egyik19.hu\/wordpress\/wp-json\/"}],"wp:attachment":[{"href":"https:\/\/egyik19.hu\/wordpress\/wp-json\/wp\/v2\/media?parent=78"}],"wp:term":[{"taxonomy":"product_cat","embeddable":true,"href":"https:\/\/egyik19.hu\/wordpress\/wp-json\/wp\/v2\/product_cat?post=78"},{"taxonomy":"product_tag","embeddable":true,"href":"https:\/\/egyik19.hu\/wordpress\/wp-json\/wp\/v2\/product_tag?post=78"}],"curies":[{"name":"wp","href":"https:\/\/api.w.org\/{rel}","templated":true}]}}